{"id":24,"date":"2015-05-11T18:59:07","date_gmt":"2015-05-11T18:59:07","guid":{"rendered":"http:\/\/sabil-hosting.com\/wp\/profissures\/?page_id=24"},"modified":"2016-03-11T23:23:43","modified_gmt":"2016-03-12T04:23:43","slug":"reparation-des-fissures","status":"publish","type":"page","link":"http:\/\/sabil-hosting.com\/wp\/profissures\/nos-services\/reparation-des-fissures\/","title":{"rendered":"R\u00e9paration des fissures"},"content":{"rendered":"<p><img loading=\"lazy\" decoding=\"async\" class=\" size-full wp-image-25 alignright\" src=\"http:\/\/sabil-hosting.com\/wp\/profissures\/wp-content\/uploads\/sites\/3\/2016\/03\/reparation_fissure.jpg\" alt=\"fissure\" width=\"299\" height=\"168\" \/><\/p>\n<p><span style=\"font-size: small;\">Au fil du temps,\u00a0 plusieurs \u00e9l\u00e9ments contribuent \u00e0 provoquer\u00a0 des\u00a0 fissures dans la fondation de votre maison. Ceci peut se\u00a0manifester par diff\u00e9rents moyens : mouvement du sol, drain fran\u00e7ais non fonctionnel, gel et d\u00e9gel du sol\u2026\u00a0 Toutes ces composantes\u00a0\u00a0 m\u00e8nent \u00e0 des infiltrations d\u2019eau et d\u2019humidit\u00e9 qui peuvent nuire \u00e0 la qualit\u00e9 de l\u2019air et de la sant\u00e9.<\/span><\/p>\n<p>Pro-Fissure utilise des techniques de r\u00e9paration se faisant \u00e0 l\u2019ext\u00e9rieur ou l\u2019int\u00e9rieur au moyen d\u2019injection d\u2019\u00e9poxy et de barres de m\u00e9tal qui servent \u00e0 renforcer vos murs.<\/p>\n<p>&nbsp;<\/p>\n<p>Consulter <a href=\"http:\/\/sabil-hosting.com\/wp\/profissures\/nos-realisations\/\">nos r\u00e9alisations<\/a> pour visualiser des exemples de projets.<\/p>\n","protected":false},"excerpt":{"rendered":"<p>Au fil du temps,\u00a0 plusieurs \u00e9l\u00e9ments contribuent \u00e0 provoquer\u00a0 des\u00a0 fissures dans la fondation de votre maison. Ceci peut se\u00a0manifester par diff\u00e9rents moyens : mouvement du sol, drain fran\u00e7ais non fonctionnel, gel et d\u00e9gel du sol\u2026\u00a0 Toutes ces composantes\u00a0\u00a0 m\u00e8nent &hellip; <a href=\"http:\/\/sabil-hosting.com\/wp\/profissures\/nos-services\/reparation-des-fissures\/\">Lire la suite\u00ad\u00ad<\/a><\/p>\n","protected":false},"author":1,"featured_media":0,"parent":42,"menu_order":0,"comment_status":"open","ping_status":"open","template":"page-fullwidth.php","meta":{"footnotes":""},"class_list":["post-24","page","type-page","status-publish","hentry"],"_links":{"self":[{"href":"http:\/\/sabil-hosting.com\/wp\/profissures\/wp-json\/wp\/v2\/pages\/24"}],"collection":[{"href":"http:\/\/sabil-hosting.com\/wp\/profissures\/wp-json\/wp\/v2\/pages"}],"about":[{"href":"http:\/\/sabil-hosting.com\/wp\/profissures\/wp-json\/wp\/v2\/types\/page"}],"author":[{"embeddable":true,"href":"http:\/\/sabil-hosting.com\/wp\/profissures\/wp-json\/wp\/v2\/users\/1"}],"replies":[{"embeddable":true,"href":"http:\/\/sabil-hosting.com\/wp\/profissures\/wp-json\/wp\/v2\/comments?post=24"}],"version-history":[{"count":4,"href":"http:\/\/sabil-hosting.com\/wp\/profissures\/wp-json\/wp\/v2\/pages\/24\/revisions"}],"predecessor-version":[{"id":204,"href":"http:\/\/sabil-hosting.com\/wp\/profissures\/wp-json\/wp\/v2\/pages\/24\/revisions\/204"}],"up":[{"embeddable":true,"href":"http:\/\/sabil-hosting.com\/wp\/profissures\/wp-json\/wp\/v2\/pages\/42"}],"wp:attachment":[{"href":"http:\/\/sabil-hosting.com\/wp\/profissures\/wp-json\/wp\/v2\/media?parent=24"}],"curies":[{"name":"wp","href":"https:\/\/api.w.org\/{rel}","templated":true}]}}